{"id":245,"date":"2021-06-03T11:51:05","date_gmt":"2021-06-03T09:51:05","guid":{"rendered":"https:\/\/sunrisehumandesign.com\/?page_id=245"},"modified":"2024-03-30T10:24:37","modified_gmt":"2024-03-30T09:24:37","slug":"home","status":"publish","type":"page","link":"https:\/\/sunrisehumandesign.com\/es\/","title":{"rendered":"Home"},"content":{"rendered":"\n<div class=\"wp-block-group\"><div class=\"wp-block-group__inner-container is-layout-constrained wp-block-group-is-layout-constrained\">\n<div class=\"wp-block-pb-accordion-item c-accordion__item js-accordion-item no-js\" data-initially-open=\"false\" data-click-to-close=\"true\" data-auto-close=\"false\" data-scroll=\"false\" data-scroll-offset=\"0\"><h2 id=\"at-2450\" class=\"c-accordion__title js-accordion-controller\" role=\"button\">\u00bfQu\u00e9 es el dise\u00f1o humano?<\/h2><div id=\"ac-2450\" class=\"c-accordion__content\">\n<p>El Dise\u00f1o Humano es una herramienta de autoconocimiento y desarrollo personal que te permite encontrar respuestas acerca de qui\u00e9n eres, por qu\u00e9 sientes lo que sientes y c\u00f3mo usar tu energ\u00eda para encontrar tu camino. En definitiva, es la mejor manera de comprender tu verdadera naturaleza y tu lugar en el mundo.<\/p>\n<\/div><\/div>\n\n\n\n<div class=\"wp-block-pb-accordion-item c-accordion__item js-accordion-item no-js\" data-initially-open=\"false\" data-click-to-close=\"true\" data-auto-close=\"false\" data-scroll=\"false\" data-scroll-offset=\"0\"><h2 id=\"at-2452\" class=\"c-accordion__title js-accordion-controller\" role=\"button\">\u00bfQui\u00e9n invent\u00f3 el dise\u00f1o humano?<\/h2><div id=\"ac-2452\" class=\"c-accordion__content\">\n<p><a href=\"https:\/\/sunrisehumandesign.com\/es\/ra-uru-hu\/\" data-type=\"page\" data-id=\"600\">Ra Uru Hu<\/a>, tambi\u00e9n conocido como Alan (Robert) Krakower, fue un canadiense que en 1987 en Ibiza recibi\u00f3 el Sistema de Dise\u00f1o Humano y nos invit\u00f3 a reconocer nuestra naturaleza \u00fanica mediante esta Ciencia de la Diferenciaci\u00f3n.<\/p>\n<\/div><\/div>\n\n\n\n<div class=\"wp-block-pb-accordion-item c-accordion__item js-accordion-item no-js\" data-initially-open=\"false\" data-click-to-close=\"true\" data-auto-close=\"false\" data-scroll=\"false\" data-scroll-offset=\"0\"><h2 id=\"at-2453\" class=\"c-accordion__title js-accordion-controller\" role=\"button\">\u00bfC\u00f3mo funciona el dise\u00f1o humano?<\/h2><div id=\"ac-2453\" class=\"c-accordion__content\">\n<p>El Dise\u00f1o Humano se basa en conocimientos antiguos como tu carta natal astrol\u00f3gica, el I Ching, el sistema hind\u00fa de los Chakras y la C\u00e1bala que unifica con conocimientos modernos como la gen\u00e9tica y la f\u00edsica cu\u00e1ntica. El resultado equivale a tener un manual de instrucciones para tu vida.<\/p>\n<\/div><\/div>\n\n\n\n<div class=\"wp-block-pb-accordion-item c-accordion__item js-accordion-item no-js\" data-initially-open=\"false\" data-click-to-close=\"true\" data-auto-close=\"false\" data-scroll=\"false\" data-scroll-offset=\"0\"><h2 id=\"at-2454\" class=\"c-accordion__title js-accordion-controller\" role=\"button\">\u00bfPara qu\u00e9 sirve el dise\u00f1o humano?<\/h2><div id=\"ac-2454\" class=\"c-accordion__content\">\n<p>El Dise\u00f1o Humano es la herramienta de autoconocimiento que te permite, poco a poco y con un proceso consciente, guiarte en c\u00f3mo tomar decisiones, cu\u00e1les son tus mayores desaf\u00edos, cu\u00e1les son tus fortalezas o c\u00f3mo fluir mejor en tus relaciones para experimentar una vida satisfactoria y plena.<\/p>\n<\/div><\/div>\n<\/div><\/div>\n","protected":false},"excerpt":{"rendered":"","protected":false},"author":1,"featured_media":0,"parent":0,"menu_order":0,"comment_status":"closed","ping_status":"closed","template":"","meta":{"_acf_changed":false,"pgc_sgb_lightbox_settings":"","footnotes":""},"acf":[],"_links":{"self":[{"href":"https:\/\/sunrisehumandesign.com\/es\/wp-json\/wp\/v2\/pages\/245"}],"collection":[{"href":"https:\/\/sunrisehumandesign.com\/es\/wp-json\/wp\/v2\/pages"}],"about":[{"href":"https:\/\/sunrisehumandesign.com\/es\/wp-json\/wp\/v2\/types\/page"}],"author":[{"embeddable":true,"href":"https:\/\/sunrisehumandesign.com\/es\/wp-json\/wp\/v2\/users\/1"}],"replies":[{"embeddable":true,"href":"https:\/\/sunrisehumandesign.com\/es\/wp-json\/wp\/v2\/comments?post=245"}],"version-history":[{"count":49,"href":"https:\/\/sunrisehumandesign.com\/es\/wp-json\/wp\/v2\/pages\/245\/revisions"}],"predecessor-version":[{"id":4094,"href":"https:\/\/sunrisehumandesign.com\/es\/wp-json\/wp\/v2\/pages\/245\/revisions\/4094"}],"wp:attachment":[{"href":"https:\/\/sunrisehumandesign.com\/es\/wp-json\/wp\/v2\/media?parent=245"}],"curies":[{"name":"wp","href":"https:\/\/api.w.org\/{rel}","templated":true}]}}